{"id":268,"date":"2021-05-18T17:16:44","date_gmt":"2021-05-18T17:16:44","guid":{"rendered":"http:\/\/gostilna-marta.si\/new\/?page_id=268"},"modified":"2021-06-11T13:15:09","modified_gmt":"2021-06-11T13:15:09","slug":"nasa-ponudba","status":"publish","type":"page","link":"http:\/\/gostilna-marta.si\/new\/nasa-ponudba\/","title":{"rendered":"Na\u0161a ponudba"},"content":{"rendered":"<p>Na\u0161a ponudba<\/p>\n<p>        In<br \/>\nkaj di\u0161i iz na\u0161e kuhinje?<br \/>\n          &nbsp;Razen<br \/>\nhi\u0161nih specialitet nudimo jedi po naro\u010dilu, pice in morske jedi.&nbsp;Vsak dan ponujamo najrazli\u010dlnej\u0161e zajtrke, malice, kosila in ve\u010derje.<br \/>\n          Nudimo&nbsp; tudi dostavo hrane.<\/p>\n<p>            Catering<br \/>\n            Hrana je zagotovo pomemben del vsakega praznovanja ali poslovnega sre\u010danja. Tempo \u017eivljenja je pove\u010dal povpra\u0161evanje po pogostitvi na domu. V udobnem doma\u010dem okolju se vedno ve\u010d ljudi odlo\u010da za catering. Primeren je ob dru\u017eabnih dogodkih, praznovanjih ali poslovnih sre\u010danjih. Na\u0161a hi\u0161a ga lahko izvede za poljubno \u0161tevilo gostov.&nbsp; &nbsp; &nbsp; &nbsp; &nbsp; &nbsp; &nbsp; &nbsp; Dolgoletne izku\u0161nje, v kombinaciji odli\u010dnih sestavin ter prijaznega osebja, so klju\u010dnega pomena za uspeh na\u0161e hi\u0161e. Z veseljem bomo poslu\u0161ali va\u0161e \u017eelje in vam hkrati ponudili na\u0161e ideje ter predloge, ki bodo zagotovili dobro pogostitev. Poskrbimo tudi za primerno postre\u017ebo, lahko pa vam hrano na va\u0161 dom samo pripeljemo in vas pustimo v intimnem praznovanju brez na\u0161ega stre\u017enega osebja. Na\u0161a kulinarika temelji na pripravi slovenske tradicionalne kuhinje. Pripravimo lahko hladne predjedi, prigrizke (finger food), tople jedi, morske jedi, jedi iz \u017eara, sladice\u2026 V na\u0161i catering ponudbi lahko najdete ves inventar, ki ga potrebujete za va\u0161e praznovanje.<\/p>\n<p>            FingerFood<\/p>\n<p>            Redna ponudba hrane&nbsp;<\/p>\n<p>        Previous<\/p>\n<p>        Next<\/p>\n<p>        PONUDBA<br \/>\nOkusna doma\u010da prle\u0161ka hrana;Razne specialitete;Jedi z \u017eara;Jedi za vegetarijance;Pice, sladice, doma\u010de zavitke,&#8230;To\u010dimo pristno doma\u010de vino in posebnost rde\u010de vino Modri pinot.<br \/>\nCATERING<br \/>\nBeseda catering izvira iz angle\u0161ke besede cater, kar pomeni dobaviti, poskrbeti in v sloven\u0161\u010dini za tako vrsto storitev \u0161e nimamo primernega izraza.&nbsp;<br \/>\n          Catering pomeni slu\u017ebo za oskrbo s hrano in pija\u010do in se v Sloveniji vedno bolj uveljavlja predvsem za dostavo hrane in pija\u010de. Prednost cateringa je v tem, da vam hrano in pija\u010do dostavijo kamorkoli si za\u017eelite.<br \/>\nPo va\u0161i \u017eelji poskrbimo za pogostitev na terenu ob raznih prilo\u017enostih kot so birma, poroka, rojstni dan, razne obletnice.&nbsp;<br \/>\n          SVETUJEMO VAM PRI IZBIRI&nbsp;\u2022 hladne predjedi: meso iz tunke, prekajen jezik;&nbsp;\u2022 juhe: goveja, gobova, zelenjavna juha (\u010desnova, belu\u0161eva, brokolijeva);&nbsp;\u2022&nbsp;tople za\u010detne jedi: ocvrti sir, ajdovi \u017eganci, , zelenjavna plo\u0161\u010da, razne testenine na tiso\u010d in en na\u010din;&nbsp;\u2022 jedi po naro\u010dilu: svinjski, puranji, mad\u017earski, ljubljanski zrezek, gratiniran pi\u0161\u010dan\u010dji zrezek s pr\u0161utom in paradi\u017enikom, plo\u0161\u010de;&nbsp;\u2022morske jedi: lignji na tr\u017ea\u0161ki ali pari\u0161ki na\u010din, postrv na \u017earu s tr\u017ea\u0161ko omako, osli\u010d po tr\u017ea\u0161ko, ocvrt osli\u010d,  girice, sardelice, ribja plo\u0161\u010da;&nbsp;\u2022 jedi na \u017earu: me\u0161ano meso, lignji in polnjeni lignji na \u017earu, ra\u017enji\u010di, \u010devap\u010di\u010di,&nbsp;\u2022 priloge: pomfrit, slan krompir, krompirjevi kroketi, du\u0161en ri\u017e;<br \/>\nsolatni kro\u017eniki: solatni kro\u017enik s tuno, solatni kro\u017enik s pi\u0161\u010dan\u010djimi rezanci, solatni kro\u017enik z ocvrtimi pi\u0161\u010dan\u010djimi rezanci;\u2022 solate: me\u0161ana solata, rde\u010da pesa, paradi\u017enikova solata, zelena solata;&nbsp;\u2022 pripravijene jedi: goveji golaz, pasulj, vampi po tr\u017ea\u0161ko;&nbsp;\u2022 sladice: sadna kupa, jabol\u010dni zavitek, prle\u0161ka gibanica, ajdova poga\u010da, sladoled, pala\u010dinke z marmelado,  cokolado in orehi;&nbsp;\u2022 malica: vsak dan malica do 12. ure;&nbsp;\u2022 menu kosila: vsak dan menu kosila od 12. do 15 ure.&nbsp;\u2022 bogata izbira pic<\/p>\n","protected":false},"excerpt":{"rendered":"<p>Na\u0161a ponudba In kaj di\u0161i iz na\u0161e kuhinje? &nbsp;Razen hi\u0161nih specialitet nudimo jedi po naro\u010dilu, pice in morske jedi.&nbsp;Vsak dan ponujamo najrazli\u010dlnej\u0161e zajtrke, malice, kosila in ve\u010derje. Nudimo&nbsp; tudi dostavo hrane. Catering Hrana je zagotovo pomemben del vsakega praznovanja ali poslovnega sre\u010danja. Tempo \u017eivljenja je pove\u010dal povpra\u0161evanje po pogostitvi na domu. V udobnem doma\u010dem okolju &hellip; <a href=\"http:\/\/gostilna-marta.si\/new\/nasa-ponudba\/\" class=\"more-link\">Continue reading<span class=\"screen-reader-text\"> &#8220;Na\u0161a ponudba&#8221;<\/span><\/a><\/p>\n","protected":false},"author":1,"featured_media":0,"parent":0,"menu_order":0,"comment_status":"closed","ping_status":"closed","template":"","meta":{"pagelayer_contact_templates":[],"_pagelayer_content":""},"_links":{"self":[{"href":"http:\/\/gostilna-marta.si\/new\/wp-json\/wp\/v2\/pages\/268"}],"collection":[{"href":"http:\/\/gostilna-marta.si\/new\/wp-json\/wp\/v2\/pages"}],"about":[{"href":"http:\/\/gostilna-marta.si\/new\/wp-json\/wp\/v2\/types\/page"}],"author":[{"embeddable":true,"href":"http:\/\/gostilna-marta.si\/new\/wp-json\/wp\/v2\/users\/1"}],"replies":[{"embeddable":true,"href":"http:\/\/gostilna-marta.si\/new\/wp-json\/wp\/v2\/comments?post=268"}],"version-history":[{"count":15,"href":"http:\/\/gostilna-marta.si\/new\/wp-json\/wp\/v2\/pages\/268\/revisions"}],"predecessor-version":[{"id":382,"href":"http:\/\/gostilna-marta.si\/new\/wp-json\/wp\/v2\/pages\/268\/revisions\/382"}],"wp:attachment":[{"href":"http:\/\/gostilna-marta.si\/new\/wp-json\/wp\/v2\/media?parent=268"}],"curies":[{"name":"wp","href":"https:\/\/api.w.org\/{rel}","templated":true}]}}